{"id":8536,"date":"2023-02-15T10:26:15","date_gmt":"2023-02-15T09:26:15","guid":{"rendered":"https:\/\/globus-travels.de\/?page_id=8536"},"modified":"2023-08-23T15:05:02","modified_gmt":"2023-08-23T13:05:02","slug":"versicherungsanfrage","status":"publish","type":"page","link":"https:\/\/globus-travels.de\/ru\/versicherungsanfrage\/","title":{"rendered":"\u0417\u0430\u043f\u0440\u043e\u0441 \u043d\u0430 \u0441\u0442\u0440\u0430\u0445\u043e\u0432\u0430\u043d\u0438\u0435 \u043f\u0443\u0442\u0435\u0448\u0435\u0441\u0442\u0432\u0438\u0439"},"content":{"rendered":"<div data-elementor-type=\"wp-page\" data-elementor-id=\"8536\" class=\"elementor elementor-8536\" data-elementor-post-type=\"page\">\n\t\t\t\t\t\t<section class=\"elementor-section elementor-top-section elementor-element elementor-element-71cabdf elementor-section-content-middle elementor-section-boxed elementor-section-height-default elementor-section-height-default exad-glass-effect-no exad-sticky-section-no\" data-id=\"71cabdf\" data-element_type=\"section\" data-e-type=\"section\" data-settings=\"{&quot;animation&quot;:&quot;none&quot;,&quot;background_background&quot;:&quot;classic&quot;}\">\n\t\t\t\t\t\t<div class=\"elementor-container elementor-column-gap-no\">\n\t\t\t\t\t<div class=\"elementor-column elementor-col-100 elementor-top-column elementor-element elementor-element-92d886a exad-glass-effect-no exad-sticky-section-no\" data-id=\"92d886a\" data-element_type=\"column\" data-e-type=\"column\" data-settings=\"{&quot;animation&quot;:&quot;none&quot;}\">\n\t\t\t<div class=\"elementor-widget-wrap elementor-element-populated\">\n\t\t\t\t\t\t<div class=\"elementor-element elementor-element-e8b247b exad-sticky-section-no exad-glass-effect-no elementor-widget elementor-widget-heading\" data-id=\"e8b247b\" data-element_type=\"widget\" data-e-type=\"widget\" data-widget_type=\"heading.default\">\n\t\t\t\t<div class=\"elementor-widget-container\">\n\t\t\t\t\t<h1 class=\"elementor-heading-title elementor-size-default\">\u0417\u0430\u043f\u0440\u043e\u0441 \u043d\u0430 \u0441\u0442\u0440\u0430\u0445\u043e\u0432\u0430\u043d\u0438\u0435 \u043f\u0443\u0442\u0435\u0448\u0435\u0441\u0442\u0432\u0438\u0439<\/h1>\t\t\t\t<\/div>\n\t\t\t\t<\/div>\n\t\t\t\t<div class=\"elementor-element elementor-element-87e8dbf exad-sticky-section-no exad-glass-effect-no elementor-widget elementor-widget-text-editor\" data-id=\"87e8dbf\" data-element_type=\"widget\" data-e-type=\"widget\" data-widget_type=\"text-editor.default\">\n\t\t\t\t<div class=\"elementor-widget-container\">\n\t\t\t\t\t\t\t\t\t<p>\u0417\u0430\u043f\u0440\u043e\u0441 \u043d\u0430 \u0441\u0442\u0440\u0430\u0445\u043e\u0432\u0430\u043d\u0438\u0435 \u043f\u0443\u0442\u0435\u0448\u0435\u0441\u0442\u0432\u0435\u043d\u043d\u0438\u043a\u043e\u0432\n\u041f\u043b\u0430\u043d\u0438\u0440\u0443\u0435\u0442\u0435 \u043f\u043e\u0435\u0437\u0434\u043a\u0443? \u0412\u0430\u043c \u0441\u043b\u0435\u0434\u0443\u0435\u0442 \u0437\u0430\u0431\u043e\u0442\u0438\u0442\u044c\u0441\u044f \u043d\u0435 \u0442\u043e\u043b\u044c\u043a\u043e \u043e \u0432\u0430\u0448\u0435\u043c \u043f\u0440\u043e\u0436\u0438\u0432\u0430\u043d\u0438\u0438 \u0438 \u0442\u0440\u0430\u043d\u0441\u043f\u043e\u0440\u0442\u0435, \u043d\u043e \u0438 \u043e \u0432\u0430\u0448\u0435\u0439 \u0431\u0435\u0437\u043e\u043f\u0430\u0441\u043d\u043e\u0441\u0442\u0438. \u0421 \u043d\u0430\u0448\u0438\u043c \u0437\u0430\u043f\u0440\u043e\u0441\u043e\u043c \u043d\u0430 \u0441\u0442\u0440\u0430\u0445\u043e\u0432\u0430\u043d\u0438\u0435 \u043f\u0443\u0442\u0435\u0448\u0435\u0441\u0442\u0432\u0435\u043d\u043d\u0438\u043a\u043e\u0432 \u0432\u044b \u043c\u043e\u0436\u0435\u0442\u0435 \u0431\u0435\u0437 \u043e\u0431\u044f\u0437\u0430\u0442\u0435\u043b\u044c\u0441\u0442\u0432 \u0443\u0437\u043d\u0430\u0442\u044c \u043e \u043b\u0443\u0447\u0448\u0438\u0445 \u043f\u0440\u0435\u0434\u043b\u043e\u0436\u0435\u043d\u0438\u044f\u0445 \u0438 \u0443\u0431\u0435\u0434\u0438\u0442\u044c\u0441\u044f, \u0447\u0442\u043e \u0432\u044b \u0438 \u0432\u0430\u0448\u0438 \u0431\u043b\u0438\u0437\u043a\u0438\u0435 \u043e\u0442\u043b\u0438\u0447\u043d\u043e \u0437\u0430\u0441\u0442\u0440\u0430\u0445\u043e\u0432\u0430\u043d\u044b \u0432\u043e \u0432\u0440\u0435\u043c\u044f \u043e\u0442\u043f\u0443\u0441\u043a\u0430. \u041f\u0440\u043e\u0441\u0442\u043e \u0437\u0430\u043f\u043e\u043b\u043d\u0438\u0442\u0435 \u0444\u043e\u0440\u043c\u0443 \u043d\u0438\u0436\u0435, \u0438 \u043c\u044b \u043d\u0435\u0437\u0430\u043c\u0435\u0434\u043b\u0438\u0442\u0435\u043b\u044c\u043d\u043e \u0441\u0432\u044f\u0436\u0435\u043c\u0441\u044f \u0441 \u0432\u0430\u043c\u0438.<\/p>\t\t\t\t\t\t\t\t<\/div>\n\t\t\t\t<\/div>\n\t\t\t\t\t<\/div>\n\t\t<\/div>\n\t\t\t\t\t<\/div>\n\t\t<\/section>\n\t\t\t\t<section class=\"elementor-section elementor-top-section elementor-element elementor-element-7cf67a2 elementor-section-content-middle elementor-section-boxed elementor-section-height-default elementor-section-height-default exad-glass-effect-no exad-sticky-section-no\" data-id=\"7cf67a2\" data-element_type=\"section\" data-e-type=\"section\" data-settings=\"{&quot;background_background&quot;:&quot;classic&quot;}\">\n\t\t\t\t\t\t<div class=\"elementor-container elementor-column-gap-default\">\n\t\t\t\t\t<div class=\"elementor-column elementor-col-100 elementor-top-column elementor-element elementor-element-f606998 exad-glass-effect-no exad-sticky-section-no\" data-id=\"f606998\" data-element_type=\"column\" data-e-type=\"column\" data-settings=\"{&quot;background_background&quot;:&quot;classic&quot;}\">\n\t\t\t<div class=\"elementor-widget-wrap elementor-element-populated\">\n\t\t\t\t\t\t<div class=\"elementor-element elementor-element-82208e1 eael-contact-form-7-button-full-width exad-sticky-section-no exad-glass-effect-no elementor-widget elementor-widget-eael-contact-form-7\" data-id=\"82208e1\" data-element_type=\"widget\" data-e-type=\"widget\" data-widget_type=\"eael-contact-form-7.default\">\n\t\t\t\t<div class=\"elementor-widget-container\">\n\t\t\t\t\t<div class=\"eael-contact-form-7-wrapper\">\n                <div class=\"eael-contact-form eael-contact-form-7 eael-contact-form-82208e1 placeholder-show eael-contact-form-align-center\">\n<div class=\"wpcf7 no-js\" id=\"wpcf7-f8535-o1\" lang=\"de-DE\" dir=\"ltr\" data-wpcf7-id=\"8535\">\n<div class=\"screen-reader-response\"><p role=\"status\" aria-live=\"polite\" aria-atomic=\"true\"><\/p> <ul><\/ul><\/div>\n<form action=\"\/ru\/wp-json\/wp\/v2\/pages\/8536#wpcf7-f8535-o1\" method=\"post\" class=\"wpcf7-form init wpcf7-acceptance-as-validation\" aria-label=\"Kontaktformular\" novalidate=\"novalidate\" data-status=\"init\" data-trp-original-action=\"\/ru\/wp-json\/wp\/v2\/pages\/8536#wpcf7-f8535-o1\">\n<fieldset class=\"hidden-fields-container\"><input type=\"hidden\" name=\"_wpcf7\" value=\"8535\" \/><input type=\"hidden\" name=\"_wpcf7_version\" value=\"6.1.5\" \/><input type=\"hidden\" name=\"_wpcf7_locale\" value=\"de_DE\" \/><input type=\"hidden\" name=\"_wpcf7_unit_tag\" value=\"wpcf7-f8535-o1\" \/><input type=\"hidden\" name=\"_wpcf7_container_post\" value=\"0\" \/><input type=\"hidden\" name=\"_wpcf7_posted_data_hash\" value=\"\" \/>\n<\/fieldset>\n<p><label>\u0412\u0430\u0448\u0435 \u0438\u043c\u044f \u0438 \u0444\u0430\u043c\u0438\u043b\u0438\u044f * (\u043a\u0430\u043a \u0443\u043a\u0430\u0437\u0430\u043d\u043e \u0432 \u043f\u0430\u0441\u043f\u043e\u0440\u0442\u0435!)<br \/>\n<span class=\"wpcf7-form-control-wrap\" data-name=\"your-name\"><input size=\"40\" maxlength=\"400\" class=\"wpcf7-form-control wpcf7-text wpcf7-validates-as-required\" aria-required=\"true\" aria-invalid=\"false\" value=\"\" type=\"text\" name=\"your-name\" \/><\/span> <\/label>\n<\/p>\n<p><label>\u0412\u0430\u0448 \u0430\u0434\u0440\u0435\u0441 \u044d\u043b\u0435\u043a\u0442\u0440\u043e\u043d\u043d\u043e\u0439 \u043f\u043e\u0447\u0442\u044b *<br \/>\n<span class=\"wpcf7-form-control-wrap\" data-name=\"your-email\"><input size=\"40\" maxlength=\"400\" class=\"wpcf7-form-control wpcf7-email wpcf7-validates-as-required wpcf7-text wpcf7-validates-as-email\" aria-required=\"true\" aria-invalid=\"false\" value=\"\" type=\"email\" name=\"your-email\" \/><\/span> <\/label>\n<\/p>\n<p><label>\u0412\u0430\u0448 \u043c\u043e\u0431\u0438\u043b\u044c\u043d\u044b\u0439 \u043d\u043e\u043c\u0435\u0440 *<br \/>\n<span class=\"wpcf7-form-control-wrap\" data-name=\"your-mobil\"><input size=\"40\" maxlength=\"400\" class=\"wpcf7-form-control wpcf7-tel wpcf7-validates-as-required wpcf7-text wpcf7-validates-as-tel\" aria-required=\"true\" aria-invalid=\"false\" value=\"\" type=\"tel\" name=\"your-mobil\" \/><\/span> <\/label>\n<\/p>\n<p><label>\u0412\u0430\u0448\u0430 \u0434\u0430\u0442\u0430 \u0440\u043e\u0436\u0434\u0435\u043d\u0438\u044f *<br \/>\n<span class=\"wpcf7-form-control-wrap\" data-name=\"geburtstag\"><input class=\"wpcf7-form-control wpcf7-date wpcf7-validates-as-required wpcf7-validates-as-date\" aria-required=\"true\" aria-invalid=\"false\" value=\"\" type=\"date\" name=\"geburtstag\" \/><\/span> <\/label>\n<\/p>\n<p><label>\u0412\u0430\u0448 \u0430\u0434\u0440\u0435\u0441<br \/>\n<span class=\"wpcf7-form-control-wrap\" data-name=\"Strasse\"><input size=\"40\" maxlength=\"400\" class=\"wpcf7-form-control wpcf7-text wpcf7-validates-as-required\" aria-required=\"true\" aria-invalid=\"false\" placeholder=\"\u0423\u043b\u0438\u0446\u0430 \u0438 \u043d\u043e\u043c\u0435\u0440 \u0434\u043e\u043c\u0430\" value=\"\" type=\"text\" name=\"Strasse\" \/><\/span><\/label><br \/>\n<label><span class=\"wpcf7-form-control-wrap\" data-name=\"plz\"><input size=\"40\" maxlength=\"400\" class=\"wpcf7-form-control wpcf7-text wpcf7-validates-as-required\" aria-required=\"true\" aria-invalid=\"false\" placeholder=\"\u041f\u043e\u0447\u0442\u043e\u0432\u044b\u0439 \u0438\u043d\u0434\u0435\u043a\u0441\" value=\"\" type=\"text\" name=\"plz\" \/><\/span><\/label><br \/>\n<label><span class=\"wpcf7-form-control-wrap\" data-name=\"ort\"><input size=\"40\" maxlength=\"400\" class=\"wpcf7-form-control wpcf7-text wpcf7-validates-as-required\" aria-required=\"true\" aria-invalid=\"false\" placeholder=\"\u0413\u043e\u0440\u043e\u0434\" value=\"\" type=\"text\" name=\"ort\" \/><\/span><\/label><br \/>\n<label><span class=\"wpcf7-form-control-wrap\" data-name=\"land\"><input size=\"40\" maxlength=\"400\" class=\"wpcf7-form-control wpcf7-text wpcf7-validates-as-required\" aria-required=\"true\" aria-invalid=\"false\" placeholder=\"\u0421\u0442\u0440\u0430\u043d\u0430\" value=\"\" type=\"text\" name=\"land\" \/><\/span><\/label>\n<\/p>\n<p><label>\u0414\u0430\u0442\u0430 \u043f\u0440\u0438\u0431\u044b\u0442\u0438\u044f (\u0434\u0435\u043d\u044c \u0437\u0430\u0435\u0437\u0434\u0430) *<br \/>\n<span class=\"wpcf7-form-control-wrap\" data-name=\"datumvon\"><input class=\"wpcf7-form-control wpcf7-date wpcf7-validates-as-required wpcf7-validates-as-date\" aria-required=\"true\" aria-invalid=\"false\" value=\"\" type=\"date\" name=\"datumvon\" \/><\/span> <\/label>\n<\/p>\n<p><label>\u041a\u043e\u043b\u0438\u0447\u0435\u0441\u0442\u0432\u043e \u0434\u043d\u0435\u0439 *<br \/>\n<span class=\"wpcf7-form-control-wrap\" data-name=\"tage\"><input class=\"wpcf7-form-control wpcf7-number wpcf7-validates-as-number\" aria-invalid=\"false\" value=\"\" type=\"number\" name=\"tage\" \/><\/span><\/label>\n<\/p>\n<p><label>\u0412\u044b\u0431\u0440\u0430\u043d\u043d\u044b\u0439 \u0442\u0430\u0440\u0438\u0444 (\u041f\u043e\u0436\u0430\u043b\u0443\u0439\u0441\u0442\u0430, \u0443\u043a\u0430\u0436\u0438\u0442\u0435 \u0441\u0442\u0440\u0430\u0445\u043e\u0432\u0443\u044e \u043a\u043e\u043c\u043f\u0430\u043d\u0438\u044e!) *<br \/>\n<span class=\"wpcf7-form-control-wrap\" data-name=\"tarif\"><input size=\"40\" maxlength=\"400\" class=\"wpcf7-form-control wpcf7-text wpcf7-validates-as-required\" aria-required=\"true\" aria-invalid=\"false\" value=\"\" type=\"text\" name=\"tarif\" \/><\/span><br \/>\n<\/label>\n<\/p>\n<p><label>\u0414\u043e\u043f\u043e\u043b\u043d\u0438\u0442\u0435\u043b\u044c\u043d\u044b\u0435 \u043a\u043e\u043c\u043c\u0435\u043d\u0442\u0430\u0440\u0438\u0438<br \/>\n<span class=\"wpcf7-form-control-wrap\" data-name=\"your-message\"><textarea cols=\"40\" rows=\"10\" maxlength=\"2000\" class=\"wpcf7-form-control wpcf7-textarea\" aria-invalid=\"false\" name=\"your-message\"><\/textarea><\/span> <\/label>\n<\/p>\n<p><label>\u041f\u043e\u043b\u044f, \u043e\u0442\u043c\u0435\u0447\u0435\u043d\u043d\u044b\u0435 * , \u043e\u0431\u044f\u0437\u0430\u0442\u0435\u043b\u044c\u043d\u044b \u0434\u043b\u044f \u0437\u0430\u043f\u043e\u043b\u043d\u0435\u043d\u0438\u044f.<\/label>\n<\/p>\n<p><span class=\"wpcf7-form-control-wrap\" data-name=\"acceptance-983\"><span class=\"wpcf7-form-control wpcf7-acceptance\"><span class=\"wpcf7-list-item\"><label><input type=\"checkbox\" name=\"acceptance-983\" value=\"1\" aria-invalid=\"false\" \/><span class=\"wpcf7-list-item-label\">\u0412\u044b \u0441\u043e\u0433\u043b\u0430\u0448\u0430\u0435\u0442\u0435\u0441\u044c \u043d\u0430 \u043e\u0431\u0440\u0430\u0431\u043e\u0442\u043a\u0443 \u0432\u0430\u0448\u0438\u0445 \u0434\u0430\u043d\u043d\u044b\u0445 \u0434\u043b\u044f \u0440\u0435\u0448\u0435\u043d\u0438\u044f \u0432\u0430\u0448\u0435\u0433\u043e \u0437\u0430\u043f\u0440\u043e\u0441\u0430.<\/span><\/label><\/span><\/span><\/span>\n<\/p>\n<p><input class=\"wpcf7-form-control wpcf7-submit has-spinner\" type=\"submit\" value=\"\u0417\u0430\u043f\u0440\u043e\u0441\u0438\u0442\u044c\" \/>\n<\/p><div class=\"wpcf7-response-output\" aria-hidden=\"true\"><\/div>\n<input type=\"hidden\" name=\"trp-form-language\" value=\"ru\"\/><\/form>\n<\/div>\n<\/div>\n            <\/div>\t\t\t\t<\/div>\n\t\t\t\t<\/div>\n\t\t\t\t\t<\/div>\n\t\t<\/div>\n\t\t\t\t\t<\/div>\n\t\t<\/section>\n\t\t\t\t<\/div>","protected":false},"excerpt":{"rendered":"<p>Versicherungs&shy;anfrage Planen Sie eine Reise? Dann sollten Sie sich nicht nur um Ihre Unterkunft und den Transport k\u00fcmmern, sondern auch um Ihre Sicherheit. Mit unserer Reiseversicherungsanfrage k\u00f6nnen Sie sich unverbindlich \u00fcber die besten Angebote informieren und sicherstellen, dass Sie und Ihre Lieben im Urlaub bestens versichert sind. F\u00fcllen Sie einfach das untenstehende Formular aus und [&hellip;]<\/p>\n","protected":false},"author":1,"featured_media":0,"parent":0,"menu_order":0,"comment_status":"closed","ping_status":"closed","template":"","meta":{"site-sidebar-layout":"default","site-content-layout":"","ast-site-content-layout":"default","site-content-style":"default","site-sidebar-style":"default","ast-global-header-display":"","ast-banner-title-visibility":"","ast-main-header-display":"","ast-hfb-above-header-display":"","ast-hfb-below-header-display":"","ast-hfb-mobile-header-display":"","site-post-title":"","ast-breadcrumbs-content":"","ast-featured-img":"","footer-sml-layout":"","ast-disable-related-posts":"","theme-transparent-header-meta":"","adv-header-id-meta":"","stick-header-meta":"","header-above-stick-meta":"","header-main-stick-meta":"","header-below-stick-meta":"","astra-migrate-meta-layouts":"default","ast-page-background-enabled":"default","ast-page-background-meta":{"desktop":{"background-color":"var(--ast-global-color-4)","background-image":"","background-repeat":"repeat","background-position":"center center","background-size":"auto","background-attachment":"scroll","background-type":"","background-media":"","overlay-type":"","overlay-color":"","overlay-opacity":"","overlay-gradient":""},"tablet":{"background-color":"","background-image":"","background-repeat":"repeat","background-position":"center center","background-size":"auto","background-attachment":"scroll","background-type":"","background-media":"","overlay-type":"","overlay-color":"","overlay-opacity":"","overlay-gradient":""},"mobile":{"background-color":"","background-image":"","background-repeat":"repeat","background-position":"center center","background-size":"auto","background-attachment":"scroll","background-type":"","background-media":"","overlay-type":"","overlay-color":"","overlay-opacity":"","overlay-gradient":""}},"ast-content-background-meta":{"desktop":{"background-color":"var(--ast-global-color-5)","background-image":"","background-repeat":"repeat","background-position":"center center","background-size":"auto","background-attachment":"scroll","background-type":"","background-media":"","overlay-type":"","overlay-color":"","overlay-opacity":"","overlay-gradient":""},"tablet":{"background-color":"var(--ast-global-color-5)","background-image":"","background-repeat":"repeat","background-position":"center center","background-size":"auto","background-attachment":"scroll","background-type":"","background-media":"","overlay-type":"","overlay-color":"","overlay-opacity":"","overlay-gradient":""},"mobile":{"background-color":"var(--ast-global-color-5)","background-image":"","background-repeat":"repeat","background-position":"center center","background-size":"auto","background-attachment":"scroll","background-type":"","background-media":"","overlay-type":"","overlay-color":"","overlay-opacity":"","overlay-gradient":""}},"footnotes":""},"class_list":["post-8536","page","type-page","status-publish","hentry"],"yoast_head":"<!-- This site is optimized with the Yoast SEO plugin v27.5 - https:\/\/yoast.com\/product\/yoast-seo-wordpress\/ -->\n<title>Versicherungs&shy;anfrage - Reiseb\u00fcro Globus Travel GmbH<\/title>\n<meta name=\"robots\" content=\"index, follow, max-snippet:-1, max-image-preview:large, max-video-preview:-1\" \/>\n<link rel=\"canonical\" href=\"https:\/\/globus-travels.de\/ru\/versicherungsanfrage\/\" \/>\n<meta property=\"og:locale\" content=\"ru_RU\" \/>\n<meta property=\"og:type\" content=\"article\" \/>\n<meta property=\"og:title\" content=\"Versicherungs&shy;anfrage - Reiseb\u00fcro Globus Travel GmbH\" \/>\n<meta property=\"og:description\" content=\"Versicherungs&shy;anfrage Planen Sie eine Reise? Dann sollten Sie sich nicht nur um Ihre Unterkunft und den Transport k\u00fcmmern, sondern auch um Ihre Sicherheit. Mit unserer Reiseversicherungsanfrage k\u00f6nnen Sie sich unverbindlich \u00fcber die besten Angebote informieren und sicherstellen, dass Sie und Ihre Lieben im Urlaub bestens versichert sind. F\u00fcllen Sie einfach das untenstehende Formular aus und [&hellip;]\" \/>\n<meta property=\"og:url\" content=\"https:\/\/globus-travels.de\/ru\/versicherungsanfrage\/\" \/>\n<meta property=\"og:site_name\" content=\"Reiseb\u00fcro Globus Travel GmbH\" \/>\n<meta property=\"article:publisher\" content=\"https:\/\/facebook.com\/globustravelgmbh\/\" \/>\n<meta property=\"article:modified_time\" content=\"2023-08-23T13:05:02+00:00\" \/>\n<meta name=\"twitter:card\" content=\"summary_large_image\" \/>\n<meta name=\"twitter:label1\" content=\"\u041f\u0440\u0438\u043c\u0435\u0440\u043d\u043e\u0435 \u0432\u0440\u0435\u043c\u044f \u0434\u043b\u044f \u0447\u0442\u0435\u043d\u0438\u044f\" \/>\n\t<meta name=\"twitter:data1\" content=\"1 \u043c\u0438\u043d\u0443\u0442\u0430\" \/>\n<script type=\"application\/ld+json\" class=\"yoast-schema-graph\">{\"@context\":\"https:\\\/\\\/schema.org\",\"@graph\":[{\"@type\":\"WebPage\",\"@id\":\"https:\\\/\\\/globus-travels.de\\\/versicherungsanfrage\\\/\",\"url\":\"https:\\\/\\\/globus-travels.de\\\/versicherungsanfrage\\\/\",\"name\":\"Versicherungs&shy;anfrage - Reiseb\u00fcro Globus Travel GmbH\",\"isPartOf\":{\"@id\":\"https:\\\/\\\/globus-travels.de\\\/#website\"},\"datePublished\":\"2023-02-15T09:26:15+00:00\",\"dateModified\":\"2023-08-23T13:05:02+00:00\",\"breadcrumb\":{\"@id\":\"https:\\\/\\\/globus-travels.de\\\/versicherungsanfrage\\\/#breadcrumb\"},\"inLanguage\":\"ru-RU\",\"potentialAction\":[{\"@type\":\"ReadAction\",\"target\":[\"https:\\\/\\\/globus-travels.de\\\/versicherungsanfrage\\\/\"]}]},{\"@type\":\"BreadcrumbList\",\"@id\":\"https:\\\/\\\/globus-travels.de\\\/versicherungsanfrage\\\/#breadcrumb\",\"itemListElement\":[{\"@type\":\"ListItem\",\"position\":1,\"name\":\"Startseite\",\"item\":\"https:\\\/\\\/globus-travels.de\\\/\"},{\"@type\":\"ListItem\",\"position\":2,\"name\":\"Versicherungs&shy;anfrage\"}]},{\"@type\":\"WebSite\",\"@id\":\"https:\\\/\\\/globus-travels.de\\\/#website\",\"url\":\"https:\\\/\\\/globus-travels.de\\\/\",\"name\":\"Reiseb\u00fcro Globus Travel GmbH\",\"description\":\"Ihr zuverl\u00e4ssiger Reisepartner am N\u00fcrnberg Busbahnhof\",\"publisher\":{\"@id\":\"https:\\\/\\\/globus-travels.de\\\/#organization\"},\"potentialAction\":[{\"@type\":\"SearchAction\",\"target\":{\"@type\":\"EntryPoint\",\"urlTemplate\":\"https:\\\/\\\/globus-travels.de\\\/?s={search_term_string}\"},\"query-input\":{\"@type\":\"PropertyValueSpecification\",\"valueRequired\":true,\"valueName\":\"search_term_string\"}}],\"inLanguage\":\"ru-RU\"},{\"@type\":\"Organization\",\"@id\":\"https:\\\/\\\/globus-travels.de\\\/#organization\",\"name\":\"Globus Travel GmbH\",\"url\":\"https:\\\/\\\/globus-travels.de\\\/\",\"logo\":{\"@type\":\"ImageObject\",\"inLanguage\":\"ru-RU\",\"@id\":\"https:\\\/\\\/globus-travels.de\\\/#\\\/schema\\\/logo\\\/image\\\/\",\"url\":\"https:\\\/\\\/globus-travels.de\\\/wp-content\\\/uploads\\\/2018\\\/09\\\/logo-klein.png\",\"contentUrl\":\"https:\\\/\\\/globus-travels.de\\\/wp-content\\\/uploads\\\/2018\\\/09\\\/logo-klein.png\",\"width\":750,\"height\":225,\"caption\":\"Globus Travel GmbH\"},\"image\":{\"@id\":\"https:\\\/\\\/globus-travels.de\\\/#\\\/schema\\\/logo\\\/image\\\/\"},\"sameAs\":[\"https:\\\/\\\/facebook.com\\\/globustravelgmbh\\\/\",\"https:\\\/\\\/www.instagram.com\\\/globustravel.nuernberg\\\/\"]}]}<\/script>\n<!-- \/ Yoast SEO plugin. -->","yoast_head_json":{"title":"Versicherungs&shy;anfrage - Reiseb\u00fcro Globus Travel GmbH","robots":{"index":"index","follow":"follow","max-snippet":"max-snippet:-1","max-image-preview":"max-image-preview:large","max-video-preview":"max-video-preview:-1"},"canonical":"https:\/\/globus-travels.de\/ru\/versicherungsanfrage\/","og_locale":"ru_RU","og_type":"article","og_title":"Versicherungs&shy;anfrage - Reiseb\u00fcro Globus Travel GmbH","og_description":"Versicherungs&shy;anfrage Planen Sie eine Reise? Dann sollten Sie sich nicht nur um Ihre Unterkunft und den Transport k\u00fcmmern, sondern auch um Ihre Sicherheit. Mit unserer Reiseversicherungsanfrage k\u00f6nnen Sie sich unverbindlich \u00fcber die besten Angebote informieren und sicherstellen, dass Sie und Ihre Lieben im Urlaub bestens versichert sind. F\u00fcllen Sie einfach das untenstehende Formular aus und [&hellip;]","og_url":"https:\/\/globus-travels.de\/ru\/versicherungsanfrage\/","og_site_name":"Reiseb\u00fcro Globus Travel GmbH","article_publisher":"https:\/\/facebook.com\/globustravelgmbh\/","article_modified_time":"2023-08-23T13:05:02+00:00","twitter_card":"summary_large_image","twitter_misc":{"\u041f\u0440\u0438\u043c\u0435\u0440\u043d\u043e\u0435 \u0432\u0440\u0435\u043c\u044f \u0434\u043b\u044f \u0447\u0442\u0435\u043d\u0438\u044f":"1 \u043c\u0438\u043d\u0443\u0442\u0430"},"schema":{"@context":"https:\/\/schema.org","@graph":[{"@type":"WebPage","@id":"https:\/\/globus-travels.de\/versicherungsanfrage\/","url":"https:\/\/globus-travels.de\/versicherungsanfrage\/","name":"Versicherungs&shy;anfrage - Reiseb\u00fcro Globus Travel GmbH","isPartOf":{"@id":"https:\/\/globus-travels.de\/#website"},"datePublished":"2023-02-15T09:26:15+00:00","dateModified":"2023-08-23T13:05:02+00:00","breadcrumb":{"@id":"https:\/\/globus-travels.de\/versicherungsanfrage\/#breadcrumb"},"inLanguage":"ru-RU","potentialAction":[{"@type":"ReadAction","target":["https:\/\/globus-travels.de\/versicherungsanfrage\/"]}]},{"@type":"BreadcrumbList","@id":"https:\/\/globus-travels.de\/versicherungsanfrage\/#breadcrumb","itemListElement":[{"@type":"ListItem","position":1,"name":"Startseite","item":"https:\/\/globus-travels.de\/"},{"@type":"ListItem","position":2,"name":"Versicherungs&shy;anfrage"}]},{"@type":"WebSite","@id":"https:\/\/globus-travels.de\/#website","url":"https:\/\/globus-travels.de\/","name":"Reiseb\u00fcro Globus Travel GmbH","description":"Ihr zuverl\u00e4ssiger Reisepartner am N\u00fcrnberg Busbahnhof","publisher":{"@id":"https:\/\/globus-travels.de\/#organization"},"potentialAction":[{"@type":"SearchAction","target":{"@type":"EntryPoint","urlTemplate":"https:\/\/globus-travels.de\/?s={search_term_string}"},"query-input":{"@type":"PropertyValueSpecification","valueRequired":true,"valueName":"search_term_string"}}],"inLanguage":"ru-RU"},{"@type":"Organization","@id":"https:\/\/globus-travels.de\/#organization","name":"Globus Travel GmbH","url":"https:\/\/globus-travels.de\/","logo":{"@type":"ImageObject","inLanguage":"ru-RU","@id":"https:\/\/globus-travels.de\/#\/schema\/logo\/image\/","url":"https:\/\/globus-travels.de\/wp-content\/uploads\/2018\/09\/logo-klein.png","contentUrl":"https:\/\/globus-travels.de\/wp-content\/uploads\/2018\/09\/logo-klein.png","width":750,"height":225,"caption":"Globus Travel GmbH"},"image":{"@id":"https:\/\/globus-travels.de\/#\/schema\/logo\/image\/"},"sameAs":["https:\/\/facebook.com\/globustravelgmbh\/","https:\/\/www.instagram.com\/globustravel.nuernberg\/"]}]}},"_links":{"self":[{"href":"https:\/\/globus-travels.de\/ru\/wp-json\/wp\/v2\/pages\/8536","targetHints":{"allow":["GET"]}}],"collection":[{"href":"https:\/\/globus-travels.de\/ru\/wp-json\/wp\/v2\/pages"}],"about":[{"href":"https:\/\/globus-travels.de\/ru\/wp-json\/wp\/v2\/types\/page"}],"author":[{"embeddable":true,"href":"https:\/\/globus-travels.de\/ru\/wp-json\/wp\/v2\/users\/1"}],"replies":[{"embeddable":true,"href":"https:\/\/globus-travels.de\/ru\/wp-json\/wp\/v2\/comments?post=8536"}],"version-history":[{"count":32,"href":"https:\/\/globus-travels.de\/ru\/wp-json\/wp\/v2\/pages\/8536\/revisions"}],"predecessor-version":[{"id":9620,"href":"https:\/\/globus-travels.de\/ru\/wp-json\/wp\/v2\/pages\/8536\/revisions\/9620"}],"wp:attachment":[{"href":"https:\/\/globus-travels.de\/ru\/wp-json\/wp\/v2\/media?parent=8536"}],"curies":[{"name":"wp","href":"https:\/\/api.w.org\/{rel}","templated":true}]}}