{"id":7731,"date":"2020-09-16T15:45:35","date_gmt":"2020-09-16T13:45:35","guid":{"rendered":"https:\/\/globus-travels.de\/?page_id=7731"},"modified":"2025-06-11T10:26:26","modified_gmt":"2025-06-11T08:26:26","slug":"impressum","status":"publish","type":"page","link":"https:\/\/globus-travels.de\/ru\/impressum\/","title":{"rendered":"Impressum"},"content":{"rendered":"<div data-elementor-type=\"wp-page\" data-elementor-id=\"7731\" class=\"elementor elementor-7731\" data-elementor-post-type=\"page\">\n\t\t\t\t\t\t<section class=\"elementor-section elementor-top-section elementor-element elementor-element-c084040 elementor-section-boxed elementor-section-height-default elementor-section-height-default exad-glass-effect-no exad-sticky-section-no\" data-id=\"c084040\" data-element_type=\"section\" data-e-type=\"section\">\n\t\t\t\t\t\t<div class=\"elementor-container elementor-column-gap-default\">\n\t\t\t\t\t<div class=\"elementor-column elementor-col-100 elementor-top-column elementor-element elementor-element-f012f84 exad-glass-effect-no exad-sticky-section-no\" data-id=\"f012f84\" data-element_type=\"column\" data-e-type=\"column\">\n\t\t\t<div class=\"elementor-widget-wrap elementor-element-populated\">\n\t\t\t\t\t\t<div class=\"elementor-element elementor-element-2ad5413 exad-sticky-section-no exad-glass-effect-no elementor-widget elementor-widget-html\" data-id=\"2ad5413\" data-element_type=\"widget\" data-e-type=\"widget\" data-widget_type=\"html.default\">\n\t\t\t\t<div class=\"elementor-widget-container\">\n\t\t\t\t\t<section id=\"impressum\">\r\n  <h1>Impressum<\/h2>\r\n\r\n  <p><strong>Globus-Travel GmbH<\/strong><br>\r\n  Willy-Brandt-Platz 4<br>\r\n  90402 N\u00fcrnberg<br>\r\n  Deutschland<\/p>\r\n\r\n  <p><strong>Telefon:<\/strong> +49 (0) 911 810 182 0<br>\r\n  <strong>Telefax:<\/strong> +49 (0) 911 810 182 8<br>\r\n  <strong>E-Mail:<\/strong> <a href=\"mailto:info@globus-travels.de\">info@globus-travels.de<\/a><br>\r\n  <strong>Internet:<\/strong> <a href=\"https:\/\/globus-travels.de\/ru\/\" target=\"_blank\">www.globus-travels.de<\/a><\/p>\r\n\r\n  <p><strong>Gesch\u00e4ftsf\u00fchrerin:<\/strong> \u041e\u043a\u0441\u0430\u043d\u0430 \u0418\u0432\u0430\u043d\u043e\u0432\u0430<\/p>\r\n\r\n  <p><strong>Registereintrag:<\/strong><br>\r\n  Amtsgericht N\u00fcrnberg<br>\r\n  Handelsregisternummer: HRB 31684<\/p>\r\n\r\n  <p><strong>Umsatzsteuer-ID gem\u00e4\u00df \u00a7 27a UStG:<\/strong><br>\r\n  DE300944088<\/p>\r\n\r\n  <h3>Hinweis gem\u00e4\u00df \u00a7 36 Verbraucherstreitbeilegungsgesetz (VSBG)<\/h3>\r\n  <p>Wir sind grunds\u00e4tzlich nicht verpflichtet und nicht bereit, an Streitbeilegungsverfahren vor einer Verbraucherschlichtungsstelle teilzunehmen. Sie k\u00f6nnen sich jedoch an folgende Stelle wenden:<\/p>\r\n\r\n  <p><strong>Allgemeine Verbraucherschlichtungsstelle<\/strong><br>\r\n  Zentrum f\u00fcr Schlichtung e.\u202fV.<br>\r\n  Stra\u00dfburger Stra\u00dfe 8<br>\r\n  77694 Kehl<br>\r\n  E-Mail: <a href=\"mailto:mail@verbraucher-schlichter.de\">mail@verbraucher-schlichter.de<\/a><br>\r\n  <a href=\"https:\/\/www.verbraucher-schlichter.de\" target=\"_blank\">www.verbraucher-schlichter.de<\/a><\/p>\r\n\r\n  <h3>Erstinformation gem\u00e4\u00df \u00a7 66 VVG (Versicherungsvermittlung)<\/h3>\r\n  <p>Wir vermitteln Reiseversicherungen im Status eines erlaubnisfreien Annexvermittlers gem\u00e4\u00df \u00a7 34d Abs. 8 Nr. 1 Gewerbeordnung (GewO).<\/p>\r\n\r\n  <p><strong>Beschwerdestelle bei Streitigkeiten mit Versicherungsvermittlern:<\/strong><br>\r\n  ERV (Europ\u00e4ische Reiseversicherung AG)<br>\r\n  Rosenheimer Stra\u00dfe 116<br>\r\n  81669 M\u00fcnchen<br>\r\n  Telefon: +49 (0) 89 4166 \u2013 00<br>\r\n  E-Mail: <a href=\"mailto:contact@reiseversicherung.de\">contact@reiseversicherung.de<\/a><br>\r\n  <a href=\"https:\/\/www.erv.de\" target=\"_blank\">www.erv.de<\/a><\/p>\r\n\r\n  <h3>Online-Streitbeilegung gem\u00e4\u00df Art. 14 Abs. 1 ODR-Verordnung<\/h3>\r\n  <p>Die Europ\u00e4ische Kommission stellt eine Plattform zur Online-Streitbeilegung bereit:<br>\r\n  <a href=\"http:\/\/ec.europa.eu\/consumers\/odr\" target=\"_blank\">http:\/\/ec.europa.eu\/consumers\/odr<\/a><\/p>\r\n<\/section>\r\n\t\t\t\t<\/div>\n\t\t\t\t<\/div>\n\t\t\t\t\t<\/div>\n\t\t<\/div>\n\t\t\t\t\t<\/div>\n\t\t<\/section>\n\t\t\t\t<\/div>","protected":false},"excerpt":{"rendered":"<p>Impressum Globus-Travel GmbH Willy-Brandt-Platz 4 90402 N\u00fcrnberg Deutschland Telefon: +49 (0) 911 810 182 0 Telefax: +49 (0) 911 810 182 8 E-Mail: info@globus-travels.de Internet: www.globus-travels.de Gesch\u00e4ftsf\u00fchrerin: Oxana Ivanova Registereintrag: Amtsgericht N\u00fcrnberg Handelsregisternummer: HRB 31684 Umsatzsteuer-ID gem\u00e4\u00df \u00a7 27a UStG: DE300944088 Hinweis gem\u00e4\u00df \u00a7 36 Verbraucherstreitbeilegungsgesetz (VSBG) Wir sind grunds\u00e4tzlich nicht verpflichtet und nicht bereit, [&hellip;]<\/p>\n","protected":false},"author":1,"featured_media":0,"parent":0,"menu_order":0,"comment_status":"closed","ping_status":"closed","template":"","meta":{"site-sidebar-layout":"default","site-content-layout":"","ast-site-content-layout":"default","site-content-style":"default","site-sidebar-style":"default","ast-global-header-display":"","ast-banner-title-visibility":"","ast-main-header-display":"","ast-hfb-above-header-display":"","ast-hfb-below-header-display":"","ast-hfb-mobile-header-display":"","site-post-title":"","ast-breadcrumbs-content":"","ast-featured-img":"","footer-sml-layout":"","ast-disable-related-posts":"","theme-transparent-header-meta":"","adv-header-id-meta":"","stick-header-meta":"","header-above-stick-meta":"","header-main-stick-meta":"","header-below-stick-meta":"","astra-migrate-meta-layouts":"default","ast-page-background-enabled":"default","ast-page-background-meta":{"desktop":{"background-color":"var(--ast-global-color-4)","background-image":"","background-repeat":"repeat","background-position":"center center","background-size":"auto","background-attachment":"scroll","background-type":"","background-media":"","overlay-type":"","overlay-color":"","overlay-opacity":"","overlay-gradient":""},"tablet":{"background-color":"","background-image":"","background-repeat":"repeat","background-position":"center center","background-size":"auto","background-attachment":"scroll","background-type":"","background-media":"","overlay-type":"","overlay-color":"","overlay-opacity":"","overlay-gradient":""},"mobile":{"background-color":"","background-image":"","background-repeat":"repeat","background-position":"center center","background-size":"auto","background-attachment":"scroll","background-type":"","background-media":"","overlay-type":"","overlay-color":"","overlay-opacity":"","overlay-gradient":""}},"ast-content-background-meta":{"desktop":{"background-color":"var(--ast-global-color-5)","background-image":"","background-repeat":"repeat","background-position":"center center","background-size":"auto","background-attachment":"scroll","background-type":"","background-media":"","overlay-type":"","overlay-color":"","overlay-opacity":"","overlay-gradient":""},"tablet":{"background-color":"var(--ast-global-color-5)","background-image":"","background-repeat":"repeat","background-position":"center center","background-size":"auto","background-attachment":"scroll","background-type":"","background-media":"","overlay-type":"","overlay-color":"","overlay-opacity":"","overlay-gradient":""},"mobile":{"background-color":"var(--ast-global-color-5)","background-image":"","background-repeat":"repeat","background-position":"center center","background-size":"auto","background-attachment":"scroll","background-type":"","background-media":"","overlay-type":"","overlay-color":"","overlay-opacity":"","overlay-gradient":""}},"footnotes":""},"class_list":["post-7731","page","type-page","status-publish","hentry"],"yoast_head":"<!-- This site is optimized with the Yoast SEO plugin v27.5 - https:\/\/yoast.com\/product\/yoast-seo-wordpress\/ -->\n<title>Impressum - Reiseb\u00fcro Globus Travel GmbH<\/title>\n<meta name=\"robots\" content=\"index, follow, max-snippet:-1, max-image-preview:large, max-video-preview:-1\" \/>\n<link rel=\"canonical\" href=\"https:\/\/globus-travels.de\/ru\/impressum\/\" \/>\n<meta property=\"og:locale\" content=\"ru_RU\" \/>\n<meta property=\"og:type\" content=\"article\" \/>\n<meta property=\"og:title\" content=\"Impressum - Reiseb\u00fcro Globus Travel GmbH\" \/>\n<meta property=\"og:description\" content=\"Impressum Globus-Travel GmbH Willy-Brandt-Platz 4 90402 N\u00fcrnberg Deutschland Telefon: +49 (0) 911 810 182 0 Telefax: +49 (0) 911 810 182 8 E-Mail: info@globus-travels.de Internet: www.globus-travels.de Gesch\u00e4ftsf\u00fchrerin: Oxana Ivanova Registereintrag: Amtsgericht N\u00fcrnberg Handelsregisternummer: HRB 31684 Umsatzsteuer-ID gem\u00e4\u00df \u00a7 27a UStG: DE300944088 Hinweis gem\u00e4\u00df \u00a7 36 Verbraucherstreitbeilegungsgesetz (VSBG) Wir sind grunds\u00e4tzlich nicht verpflichtet und nicht bereit, [&hellip;]\" \/>\n<meta property=\"og:url\" content=\"https:\/\/globus-travels.de\/ru\/impressum\/\" \/>\n<meta property=\"og:site_name\" content=\"Reiseb\u00fcro Globus Travel GmbH\" \/>\n<meta property=\"article:publisher\" content=\"https:\/\/facebook.com\/globustravelgmbh\/\" \/>\n<meta property=\"article:modified_time\" content=\"2025-06-11T08:26:26+00:00\" \/>\n<meta name=\"twitter:card\" content=\"summary_large_image\" \/>\n<meta name=\"twitter:label1\" content=\"\u041f\u0440\u0438\u043c\u0435\u0440\u043d\u043e\u0435 \u0432\u0440\u0435\u043c\u044f \u0434\u043b\u044f \u0447\u0442\u0435\u043d\u0438\u044f\" \/>\n\t<meta name=\"twitter:data1\" content=\"1 \u043c\u0438\u043d\u0443\u0442\u0430\" \/>\n<script type=\"application\/ld+json\" class=\"yoast-schema-graph\">{\"@context\":\"https:\\\/\\\/schema.org\",\"@graph\":[{\"@type\":\"WebPage\",\"@id\":\"https:\\\/\\\/globus-travels.de\\\/impressum\\\/\",\"url\":\"https:\\\/\\\/globus-travels.de\\\/impressum\\\/\",\"name\":\"Impressum - Reiseb\u00fcro Globus Travel GmbH\",\"isPartOf\":{\"@id\":\"https:\\\/\\\/globus-travels.de\\\/#website\"},\"datePublished\":\"2020-09-16T13:45:35+00:00\",\"dateModified\":\"2025-06-11T08:26:26+00:00\",\"breadcrumb\":{\"@id\":\"https:\\\/\\\/globus-travels.de\\\/impressum\\\/#breadcrumb\"},\"inLanguage\":\"ru-RU\",\"potentialAction\":[{\"@type\":\"ReadAction\",\"target\":[\"https:\\\/\\\/globus-travels.de\\\/impressum\\\/\"]}]},{\"@type\":\"BreadcrumbList\",\"@id\":\"https:\\\/\\\/globus-travels.de\\\/impressum\\\/#breadcrumb\",\"itemListElement\":[{\"@type\":\"ListItem\",\"position\":1,\"name\":\"Startseite\",\"item\":\"https:\\\/\\\/globus-travels.de\\\/\"},{\"@type\":\"ListItem\",\"position\":2,\"name\":\"Impressum\"}]},{\"@type\":\"WebSite\",\"@id\":\"https:\\\/\\\/globus-travels.de\\\/#website\",\"url\":\"https:\\\/\\\/globus-travels.de\\\/\",\"name\":\"Reiseb\u00fcro Globus Travel GmbH\",\"description\":\"Ihr zuverl\u00e4ssiger Reisepartner am N\u00fcrnberg Busbahnhof\",\"publisher\":{\"@id\":\"https:\\\/\\\/globus-travels.de\\\/#organization\"},\"potentialAction\":[{\"@type\":\"SearchAction\",\"target\":{\"@type\":\"EntryPoint\",\"urlTemplate\":\"https:\\\/\\\/globus-travels.de\\\/?s={search_term_string}\"},\"query-input\":{\"@type\":\"PropertyValueSpecification\",\"valueRequired\":true,\"valueName\":\"search_term_string\"}}],\"inLanguage\":\"ru-RU\"},{\"@type\":\"Organization\",\"@id\":\"https:\\\/\\\/globus-travels.de\\\/#organization\",\"name\":\"Globus Travel GmbH\",\"url\":\"https:\\\/\\\/globus-travels.de\\\/\",\"logo\":{\"@type\":\"ImageObject\",\"inLanguage\":\"ru-RU\",\"@id\":\"https:\\\/\\\/globus-travels.de\\\/#\\\/schema\\\/logo\\\/image\\\/\",\"url\":\"https:\\\/\\\/globus-travels.de\\\/wp-content\\\/uploads\\\/2018\\\/09\\\/logo-klein.png\",\"contentUrl\":\"https:\\\/\\\/globus-travels.de\\\/wp-content\\\/uploads\\\/2018\\\/09\\\/logo-klein.png\",\"width\":750,\"height\":225,\"caption\":\"Globus Travel GmbH\"},\"image\":{\"@id\":\"https:\\\/\\\/globus-travels.de\\\/#\\\/schema\\\/logo\\\/image\\\/\"},\"sameAs\":[\"https:\\\/\\\/facebook.com\\\/globustravelgmbh\\\/\",\"https:\\\/\\\/www.instagram.com\\\/globustravel.nuernberg\\\/\"]}]}<\/script>\n<!-- \/ Yoast SEO plugin. -->","yoast_head_json":{"title":"Impressum - Reiseb\u00fcro Globus Travel GmbH","robots":{"index":"index","follow":"follow","max-snippet":"max-snippet:-1","max-image-preview":"max-image-preview:large","max-video-preview":"max-video-preview:-1"},"canonical":"https:\/\/globus-travels.de\/ru\/impressum\/","og_locale":"ru_RU","og_type":"article","og_title":"Impressum - Reiseb\u00fcro Globus Travel GmbH","og_description":"Impressum Globus-Travel GmbH Willy-Brandt-Platz 4 90402 N\u00fcrnberg Deutschland Telefon: +49 (0) 911 810 182 0 Telefax: +49 (0) 911 810 182 8 E-Mail: info@globus-travels.de Internet: www.globus-travels.de Gesch\u00e4ftsf\u00fchrerin: Oxana Ivanova Registereintrag: Amtsgericht N\u00fcrnberg Handelsregisternummer: HRB 31684 Umsatzsteuer-ID gem\u00e4\u00df \u00a7 27a UStG: DE300944088 Hinweis gem\u00e4\u00df \u00a7 36 Verbraucherstreitbeilegungsgesetz (VSBG) Wir sind grunds\u00e4tzlich nicht verpflichtet und nicht bereit, [&hellip;]","og_url":"https:\/\/globus-travels.de\/ru\/impressum\/","og_site_name":"Reiseb\u00fcro Globus Travel GmbH","article_publisher":"https:\/\/facebook.com\/globustravelgmbh\/","article_modified_time":"2025-06-11T08:26:26+00:00","twitter_card":"summary_large_image","twitter_misc":{"\u041f\u0440\u0438\u043c\u0435\u0440\u043d\u043e\u0435 \u0432\u0440\u0435\u043c\u044f \u0434\u043b\u044f \u0447\u0442\u0435\u043d\u0438\u044f":"1 \u043c\u0438\u043d\u0443\u0442\u0430"},"schema":{"@context":"https:\/\/schema.org","@graph":[{"@type":"WebPage","@id":"https:\/\/globus-travels.de\/impressum\/","url":"https:\/\/globus-travels.de\/impressum\/","name":"Impressum - Reiseb\u00fcro Globus Travel GmbH","isPartOf":{"@id":"https:\/\/globus-travels.de\/#website"},"datePublished":"2020-09-16T13:45:35+00:00","dateModified":"2025-06-11T08:26:26+00:00","breadcrumb":{"@id":"https:\/\/globus-travels.de\/impressum\/#breadcrumb"},"inLanguage":"ru-RU","potentialAction":[{"@type":"ReadAction","target":["https:\/\/globus-travels.de\/impressum\/"]}]},{"@type":"BreadcrumbList","@id":"https:\/\/globus-travels.de\/impressum\/#breadcrumb","itemListElement":[{"@type":"ListItem","position":1,"name":"Startseite","item":"https:\/\/globus-travels.de\/"},{"@type":"ListItem","position":2,"name":"Impressum"}]},{"@type":"WebSite","@id":"https:\/\/globus-travels.de\/#website","url":"https:\/\/globus-travels.de\/","name":"Reiseb\u00fcro Globus Travel GmbH","description":"Ihr zuverl\u00e4ssiger Reisepartner am N\u00fcrnberg Busbahnhof","publisher":{"@id":"https:\/\/globus-travels.de\/#organization"},"potentialAction":[{"@type":"SearchAction","target":{"@type":"EntryPoint","urlTemplate":"https:\/\/globus-travels.de\/?s={search_term_string}"},"query-input":{"@type":"PropertyValueSpecification","valueRequired":true,"valueName":"search_term_string"}}],"inLanguage":"ru-RU"},{"@type":"Organization","@id":"https:\/\/globus-travels.de\/#organization","name":"Globus Travel GmbH","url":"https:\/\/globus-travels.de\/","logo":{"@type":"ImageObject","inLanguage":"ru-RU","@id":"https:\/\/globus-travels.de\/#\/schema\/logo\/image\/","url":"https:\/\/globus-travels.de\/wp-content\/uploads\/2018\/09\/logo-klein.png","contentUrl":"https:\/\/globus-travels.de\/wp-content\/uploads\/2018\/09\/logo-klein.png","width":750,"height":225,"caption":"Globus Travel GmbH"},"image":{"@id":"https:\/\/globus-travels.de\/#\/schema\/logo\/image\/"},"sameAs":["https:\/\/facebook.com\/globustravelgmbh\/","https:\/\/www.instagram.com\/globustravel.nuernberg\/"]}]}},"_links":{"self":[{"href":"https:\/\/globus-travels.de\/ru\/wp-json\/wp\/v2\/pages\/7731","targetHints":{"allow":["GET"]}}],"collection":[{"href":"https:\/\/globus-travels.de\/ru\/wp-json\/wp\/v2\/pages"}],"about":[{"href":"https:\/\/globus-travels.de\/ru\/wp-json\/wp\/v2\/types\/page"}],"author":[{"embeddable":true,"href":"https:\/\/globus-travels.de\/ru\/wp-json\/wp\/v2\/users\/1"}],"replies":[{"embeddable":true,"href":"https:\/\/globus-travels.de\/ru\/wp-json\/wp\/v2\/comments?post=7731"}],"version-history":[{"count":3,"href":"https:\/\/globus-travels.de\/ru\/wp-json\/wp\/v2\/pages\/7731\/revisions"}],"predecessor-version":[{"id":10426,"href":"https:\/\/globus-travels.de\/ru\/wp-json\/wp\/v2\/pages\/7731\/revisions\/10426"}],"wp:attachment":[{"href":"https:\/\/globus-travels.de\/ru\/wp-json\/wp\/v2\/media?parent=7731"}],"curies":[{"name":"wp","href":"https:\/\/api.w.org\/{rel}","templated":true}]}}